{"id":2364,"date":"2023-02-20T03:31:17","date_gmt":"2023-02-20T09:31:17","guid":{"rendered":"http:\/\/crwebs.biz\/plasticodosmil\/?page_id=2364"},"modified":"2023-06-17T17:16:11","modified_gmt":"2023-06-17T23:16:11","slug":"nosotros","status":"publish","type":"page","link":"https:\/\/crwebs.biz\/plasticodosmil\/nosotros\/","title":{"rendered":"Nosotros"},"content":{"rendered":"\t\t<div data-elementor-type=\"wp-page\" data-elementor-id=\"2364\" class=\"elementor elementor-2364\">\n\t\t\t\t\t\t\t\t\t<section class=\"elementor-section elementor-top-section elementor-element elementor-element-3e184dd elementor-section-full_width elementor-section-stretched elementor-section-height-default elementor-section-height-default\" data-id=\"3e184dd\" data-element_type=\"section\" data-settings=\"{&quot;stretch_section&quot;:&quot;section-stretched&quot;,&quot;background_background&quot;:&quot;classic&quot;}\">\n\t\t\t\t\t\t<div class=\"elementor-container elementor-column-gap-default\">\n\t\t\t\t\t<div class=\"elementor-column elementor-col-100 elementor-top-column elementor-element elementor-element-f652915\" data-id=\"f652915\" data-element_type=\"column\">\n\t\t\t<div class=\"elementor-widget-wrap elementor-element-populated\">\n\t\t\t\t\t\t\t\t<div class=\"elementor-element elementor-element-3c56d20 elementor-widget elementor-widget-image\" data-id=\"3c56d20\" data-element_type=\"widget\" data-widget_type=\"image.default\">\n\t\t\t\t<div class=\"elementor-widget-container\">\n\t\t\t<style>\/*! elementor - v3.13.1 - 09-05-2023 *\/\n.elementor-widget-image{text-align:center}.elementor-widget-image a{display:inline-block}.elementor-widget-image a img[src$=\".svg\"]{width:48px}.elementor-widget-image img{vertical-align:middle;display:inline-block}<\/style>\t\t\t\t\t\t\t\t\t\t\t\t<img loading=\"lazy\" decoding=\"async\" width=\"207\" height=\"90\" src=\"https:\/\/crwebs.biz\/plasticodosmil\/wp-content\/uploads\/2023\/02\/logo-plastico-dos-mil-2X.png\" class=\"attachment-large size-large wp-image-2393\" alt=\"\" \/>\t\t\t\t\t\t\t\t\t\t\t\t\t\t\t<\/div>\n\t\t\t\t<\/div>\n\t\t\t\t<div class=\"elementor-element elementor-element-128e8db elementor-widget elementor-widget-spacer\" data-id=\"128e8db\" data-element_type=\"widget\" data-widget_type=\"spacer.default\">\n\t\t\t\t<div class=\"elementor-widget-container\">\n\t\t\t<style>\/*! elementor - v3.13.1 - 09-05-2023 *\/\n.elementor-column .elementor-spacer-inner{height:var(--spacer-size)}.e-con{--container-widget-width:100%}.e-con-inner>.elementor-widget-spacer,.e-con>.elementor-widget-spacer{width:var(--container-widget-width,var(--spacer-size));--align-self:var(--container-widget-align-self,initial);--flex-shrink:0}.e-con-inner>.elementor-widget-spacer>.elementor-widget-container,.e-con-inner>.elementor-widget-spacer>.elementor-widget-container>.elementor-spacer,.e-con>.elementor-widget-spacer>.elementor-widget-container,.e-con>.elementor-widget-spacer>.elementor-widget-container>.elementor-spacer{height:100%}.e-con-inner>.elementor-widget-spacer>.elementor-widget-container>.elementor-spacer>.elementor-spacer-inner,.e-con>.elementor-widget-spacer>.elementor-widget-container>.elementor-spacer>.elementor-spacer-inner{height:var(--container-widget-height,var(--spacer-size))}<\/style>\t\t<div class=\"elementor-spacer\">\n\t\t\t<div class=\"elementor-spacer-inner\"><\/div>\n\t\t<\/div>\n\t\t\t\t<\/div>\n\t\t\t\t<\/div>\n\t\t\t\t<div class=\"elementor-element elementor-element-702e3b2 align-center elementor-widget elementor-widget-mae-headings\" data-id=\"702e3b2\" data-element_type=\"widget\" data-widget_type=\"mae-headings.default\">\n\t\t\t\t<div class=\"elementor-widget-container\">\n\t\t\t\t\t<div class=\"master-heading\">\n\t        \t            <div class=\"pre-heading\">Nuestra empresa se divide en dos grandes \u00e1reas, la agricultura y la l\u00ednea Industrial <\/div>\n\t        \n\t        \t        <h2 class=\"main-heading\">Somos una empresa que cuenta con m\u00e1s de 20 a\u00f1os de presencia en el mercado nacional y con m\u00e1s de 40 a\u00f1os de experiencia<\/h2>\n\t        \n\t        \n\t        \t    <\/div>\n\t    \t\t<\/div>\n\t\t\t\t<\/div>\n\t\t\t\t<div class=\"elementor-element elementor-element-7cae143 elementor-widget elementor-widget-spacer\" data-id=\"7cae143\" data-element_type=\"widget\" data-widget_type=\"spacer.default\">\n\t\t\t\t<div class=\"elementor-widget-container\">\n\t\t\t\t\t<div class=\"elementor-spacer\">\n\t\t\t<div class=\"elementor-spacer-inner\"><\/div>\n\t\t<\/div>\n\t\t\t\t<\/div>\n\t\t\t\t<\/div>\n\t\t\t\t\t<\/div>\n\t\t<\/div>\n\t\t\t\t\t\t\t<\/div>\n\t\t<\/section>\n\t\t\t\t<section class=\"elementor-section elementor-top-section elementor-element elementor-element-c025be2 elementor-section-stretched elementor-section-full_width elementor-section-height-default elementor-section-height-default\" data-id=\"c025be2\" data-element_type=\"section\" data-settings=\"{&quot;stretch_section&quot;:&quot;section-stretched&quot;,&quot;background_background&quot;:&quot;classic&quot;}\">\n\t\t\t\t\t\t<div class=\"elementor-container elementor-column-gap-default\">\n\t\t\t\t\t<div class=\"elementor-column elementor-col-100 elementor-top-column elementor-element elementor-element-56d0bfd\" data-id=\"56d0bfd\" data-element_type=\"column\">\n\t\t\t<div class=\"elementor-widget-wrap elementor-element-populated\">\n\t\t\t\t\t\t\t\t<div class=\"elementor-element elementor-element-9546880 elementor-widget elementor-widget-spacer\" data-id=\"9546880\" data-element_type=\"widget\" data-widget_type=\"spacer.default\">\n\t\t\t\t<div class=\"elementor-widget-container\">\n\t\t\t\t\t<div class=\"elementor-spacer\">\n\t\t\t<div class=\"elementor-spacer-inner\"><\/div>\n\t\t<\/div>\n\t\t\t\t<\/div>\n\t\t\t\t<\/div>\n\t\t\t\t<section class=\"elementor-section elementor-inner-section elementor-element elementor-element-a31c5ec elementor-section-content-middle elementor-section-boxed elementor-section-height-default elementor-section-height-default\" data-id=\"a31c5ec\" data-element_type=\"section\">\n\t\t\t\t\t\t<div class=\"elementor-container elementor-column-gap-extended\">\n\t\t\t\t\t<div class=\"elementor-column elementor-col-50 elementor-inner-column elementor-element elementor-element-751bfc8\" data-id=\"751bfc8\" data-element_type=\"column\">\n\t\t\t<div class=\"elementor-widget-wrap elementor-element-populated\">\n\t\t\t\t\t\t\t\t<div class=\"elementor-element elementor-element-490ed93 elementor-widget elementor-widget-mae-parallax-image\" data-id=\"490ed93\" data-element_type=\"widget\" data-widget_type=\"mae-parallax-image.default\">\n\t\t\t\t<div class=\"elementor-widget-container\">\n\t\t\t\t\t<div class=\"master-parallax-box\">\n\t\t\t<div class=\"parallax-wrap\">\n\t\t\t\t\t\t\t\t\t<div class=\"master-parallax-item elementor-repeater-item-b7f9d38\" style=\"\" data-parallax='{\"x\" : 0, \"y\" : 0, \"smoothness\" : 30}' data-top=\"-29px\"><img decoding=\"async\" src=\"http:\/\/crwebs.biz\/plasticodosmil\/wp-content\/uploads\/2023\/05\/Archivo-1.jpg\" alt=\"\"><\/div>\t\t\t\t\t\t\t<\/div>\n\t\t<\/div>\n\t    \t\t<\/div>\n\t\t\t\t<\/div>\n\t\t\t\t\t<\/div>\n\t\t<\/div>\n\t\t\t\t<div class=\"elementor-column elementor-col-50 elementor-inner-column elementor-element elementor-element-e72ca9b\" data-id=\"e72ca9b\" data-element_type=\"column\">\n\t\t\t<div class=\"elementor-widget-wrap elementor-element-populated\">\n\t\t\t\t\t\t\t\t<div class=\"elementor-element elementor-element-caab98c align-left elementor-widget elementor-widget-mae-headings\" data-id=\"caab98c\" data-element_type=\"widget\" data-widget_type=\"mae-headings.default\">\n\t\t\t\t<div class=\"elementor-widget-container\">\n\t\t\t\t\t<div class=\"master-heading\">\n\t        \t            <div class=\"pre-heading\">M\u00e1s de 40 a\u00f1os de Experiencia<\/div>\n\t        \n\t        \t        <h2 class=\"main-heading\">Pl\u00e1stico Dos Mil S.A.<\/h2>\n\t        \n\t        \n\t        \t    <\/div>\n\t    \t\t<\/div>\n\t\t\t\t<\/div>\n\t\t\t\t<div class=\"elementor-element elementor-element-12de1a7 elementor-widget elementor-widget-mae-tabs\" data-id=\"12de1a7\" data-element_type=\"widget\" data-widget_type=\"mae-tabs.default\">\n\t\t\t\t<div class=\"elementor-widget-container\">\n\t\t\t\n\t\t<div class=\"master-tabs\">\n\t\t\t\t\t\t<ul class=\"tab-link-wrap\">\n\t\t\t\t\t\t\t\t<li class=\"tab-link\" data-tab=\"tab-1758\">Historia<\/li>\n\t\t\t\t\t\t\t\t<li class=\"tab-link\" data-tab=\"tab-2758\">Visi\u00f3n y Misi\u00f3n<\/li>\n\t\t\t\t\t\t\t\t<li class=\"tab-link\" data-tab=\"tab-3758\">Futuro<\/li>\n\t\t\t\t\t\t\t<\/ul>\n\t\t\t\n\t\t\t<div class=\"tab-content-wrap\">\n\t\t\t\t\t\t\t\t<div id=\"tab-1758\" class=\"tab-content\">\n\t\t\t\t\t<p>La empresa se fund\u00f3 en el a\u00f1o 1991 comenzando con el sistema de maquila y aplicaciones para la industria del tejido para luego fusionarse con la empresa Seriplastic de Centroam\u00e9rica.<\/p>\t\t\t\t<\/div>\n\t\t\t\t\t\t\t\t<div id=\"tab-2758\" class=\"tab-content\">\n\t\t\t\t\t<p>Nosotros todos los d\u00edas buscamos la mejor forma de brindar al cliente los productos que requiere a un costo eficiente y con calidad insuperable.<\/p>\t\t\t\t<\/div>\n\t\t\t\t\t\t\t\t<div id=\"tab-3758\" class=\"tab-content\">\n\t\t\t\t\t<p>Poder brindar en un futuro cercano la posibilidad de escoger productos hechos con Bio Pl\u00e1sticos, que permitan a nuestros clientes ofrecer un producto amigable con el ambiente.<\/p>\t\t\t\t<\/div>\n\t\t\t\t\t\t\t<\/div>\n\t    <\/div>\n\n\t    \t\t<\/div>\n\t\t\t\t<\/div>\n\t\t\t\t\t<\/div>\n\t\t<\/div>\n\t\t\t\t\t\t\t<\/div>\n\t\t<\/section>\n\t\t\t\t<div class=\"elementor-element elementor-element-4bf60d2 elementor-widget elementor-widget-spacer\" data-id=\"4bf60d2\" data-element_type=\"widget\" data-widget_type=\"spacer.default\">\n\t\t\t\t<div class=\"elementor-widget-container\">\n\t\t\t\t\t<div class=\"elementor-spacer\">\n\t\t\t<div class=\"elementor-spacer-inner\"><\/div>\n\t\t<\/div>\n\t\t\t\t<\/div>\n\t\t\t\t<\/div>\n\t\t\t\t\t<\/div>\n\t\t<\/div>\n\t\t\t\t\t\t\t<\/div>\n\t\t<\/section>\n\t\t\t\t<section class=\"elementor-section elementor-top-section elementor-element elementor-element-03a789d elementor-section-content-middle elementor-section-boxed elementor-section-height-default elementor-section-height-default\" data-id=\"03a789d\" data-element_type=\"section\">\n\t\t\t\t\t\t<div class=\"elementor-container elementor-column-gap-default\">\n\t\t\t\t\t<div class=\"elementor-column elementor-col-50 elementor-top-column elementor-element elementor-element-d10e1a8\" data-id=\"d10e1a8\" data-element_type=\"column\">\n\t\t\t<div class=\"elementor-widget-wrap elementor-element-populated\">\n\t\t\t\t\t\t\t\t<div class=\"elementor-element elementor-element-94bd068 align-left elementor-widget elementor-widget-mae-headings\" data-id=\"94bd068\" data-element_type=\"widget\" data-widget_type=\"mae-headings.default\">\n\t\t\t\t<div class=\"elementor-widget-container\">\n\t\t\t\t\t<div class=\"master-heading\">\n\t        \n\t        \t        <h2 class=\"main-heading\">Pl\u00e1stico Dos Mil es una empresa del sector PYME costarricense<\/h2>\n\t        \n\t        \n\t        \t            <div class=\"sub-heading\">Luchamos por convertirnos en el suplidor n\u00famero 1 de insumos para el sector agropecuario e Industrial en envases y recipientes de alta calidad pl\u00e1sticos y amigables con el <span class=\"accent-color\">medio ambiente.<\/span><\/div>\n\t        \t    <\/div>\n\t    \t\t<\/div>\n\t\t\t\t<\/div>\n\t\t\t\t<div class=\"elementor-element elementor-element-185c0bc elementor-widget elementor-widget-spacer\" data-id=\"185c0bc\" data-element_type=\"widget\" data-widget_type=\"spacer.default\">\n\t\t\t\t<div class=\"elementor-widget-container\">\n\t\t\t\t\t<div class=\"elementor-spacer\">\n\t\t\t<div class=\"elementor-spacer-inner\"><\/div>\n\t\t<\/div>\n\t\t\t\t<\/div>\n\t\t\t\t<\/div>\n\t\t\t\t<div class=\"elementor-element elementor-element-edc5993 align-left elementor-widget elementor-widget-mae-button\" data-id=\"edc5993\" data-element_type=\"widget\" data-widget_type=\"mae-button.default\">\n\t\t\t\t<div class=\"elementor-widget-container\">\n\t\t\t\n        <a class=\"master-button btn-accent icon-none small\" href=\"http:\/\/crwebs.biz\/plasticodosmil\/catalogo\/\" >\n                        <span>Cat\u00e1logo<\/span>\n                    <\/a>\n\n        \t\t<\/div>\n\t\t\t\t<\/div>\n\t\t\t\t\t<\/div>\n\t\t<\/div>\n\t\t\t\t<div class=\"elementor-column elementor-col-50 elementor-top-column elementor-element elementor-element-224b43a\" data-id=\"224b43a\" data-element_type=\"column\">\n\t\t\t<div class=\"elementor-widget-wrap elementor-element-populated\">\n\t\t\t\t\t\t\t\t<div class=\"elementor-element elementor-element-a632f8d elementor-widget elementor-widget-mae-parallax-image\" data-id=\"a632f8d\" data-element_type=\"widget\" data-widget_type=\"mae-parallax-image.default\">\n\t\t\t\t<div class=\"elementor-widget-container\">\n\t\t\t\t\t<div class=\"master-parallax-box\">\n\t\t\t<div class=\"parallax-wrap\">\n\t\t\t\t\t\t\t\t\t<div class=\"master-parallax-item elementor-repeater-item-d46bc95\" style=\"\" data-parallax='{\"x\" : -50, \"y\" : 0, \"smoothness\" : 30}' data-top=\"27%\"><img decoding=\"async\" src=\"http:\/\/crwebs.biz\/plasticodosmil\/wp-content\/uploads\/2022\/06\/contenedor-plastico-inicio-1.jpg\" alt=\"\"><\/div>\t\t\t\t\t\t\t\t\t<div class=\"master-parallax-item elementor-repeater-item-ca8c4cd\" style=\"\" data-parallax='{\"x\" : 50, \"y\" : 0, \"smoothness\" : 30}' data-top=\"3px\"><img decoding=\"async\" src=\"http:\/\/crwebs.biz\/plasticodosmil\/wp-content\/uploads\/2022\/06\/contenedor-plastico-inicio-2.jpg\" alt=\"\"><\/div>\t\t\t\t\t\t\t<\/div>\n\t\t<\/div>\n\t    \t\t<\/div>\n\t\t\t\t<\/div>\n\t\t\t\t\t<\/div>\n\t\t<\/div>\n\t\t\t\t\t\t\t<\/div>\n\t\t<\/section>\n\t\t\t\t\t\t\t<\/div>\n\t\t","protected":false},"excerpt":{"rendered":"<p>Nuestra empresa se divide en dos grandes \u00e1reas, la agricultura y la l\u00ednea Industrial Somos una empresa que cuenta con m\u00e1s de 20 a\u00f1os de presencia en el mercado nacional y con m\u00e1s de 40 a\u00f1os de experiencia M\u00e1s de 40 a\u00f1os de Experiencia Pl\u00e1stico Dos Mil<\/p>\n","protected":false},"author":1,"featured_media":0,"parent":0,"menu_order":0,"comment_status":"closed","ping_status":"closed","template":"","meta":{"_mi_skip_tracking":false,"footnotes":""},"class_list":["post-2364","page","type-page","status-publish","hentry"],"aioseo_notices":[],"_links":{"self":[{"href":"https:\/\/crwebs.biz\/plasticodosmil\/wp-json\/wp\/v2\/pages\/2364","targetHints":{"allow":["GET"]}}],"collection":[{"href":"https:\/\/crwebs.biz\/plasticodosmil\/wp-json\/wp\/v2\/pages"}],"about":[{"href":"https:\/\/crwebs.biz\/plasticodosmil\/wp-json\/wp\/v2\/types\/page"}],"author":[{"embeddable":true,"href":"https:\/\/crwebs.biz\/plasticodosmil\/wp-json\/wp\/v2\/users\/1"}],"replies":[{"embeddable":true,"href":"https:\/\/crwebs.biz\/plasticodosmil\/wp-json\/wp\/v2\/comments?post=2364"}],"version-history":[{"count":25,"href":"https:\/\/crwebs.biz\/plasticodosmil\/wp-json\/wp\/v2\/pages\/2364\/revisions"}],"predecessor-version":[{"id":2697,"href":"https:\/\/crwebs.biz\/plasticodosmil\/wp-json\/wp\/v2\/pages\/2364\/revisions\/2697"}],"wp:attachment":[{"href":"https:\/\/crwebs.biz\/plasticodosmil\/wp-json\/wp\/v2\/media?parent=2364"}],"curies":[{"name":"wp","href":"https:\/\/api.w.org\/{rel}","templated":true}]}}