{"id":2404,"date":"2023-02-20T04:12:37","date_gmt":"2023-02-20T10:12:37","guid":{"rendered":"http:\/\/crwebs.biz\/plasticodosmil\/?page_id=2404"},"modified":"2023-05-11T15:24:56","modified_gmt":"2023-05-11T21:24:56","slug":"membrecias","status":"publish","type":"page","link":"https:\/\/crwebs.biz\/plasticodosmil\/membrecias\/","title":{"rendered":"Membrec\u00edas"},"content":{"rendered":"\t\t<div data-elementor-type=\"wp-page\" data-elementor-id=\"2404\" class=\"elementor elementor-2404\">\n\t\t\t\t\t\t\t\t\t<section class=\"elementor-section elementor-top-section elementor-element elementor-element-3e184dd elementor-section-full_width elementor-section-stretched elementor-section-height-default elementor-section-height-default\" data-id=\"3e184dd\" data-element_type=\"section\" data-settings=\"{&quot;stretch_section&quot;:&quot;section-stretched&quot;,&quot;background_background&quot;:&quot;classic&quot;}\">\n\t\t\t\t\t\t<div class=\"elementor-container elementor-column-gap-default\">\n\t\t\t\t\t<div class=\"elementor-column elementor-col-100 elementor-top-column elementor-element elementor-element-f652915\" data-id=\"f652915\" data-element_type=\"column\">\n\t\t\t<div class=\"elementor-widget-wrap elementor-element-populated\">\n\t\t\t\t\t\t\t\t<div class=\"elementor-element elementor-element-3c56d20 elementor-widget elementor-widget-image\" data-id=\"3c56d20\" data-element_type=\"widget\" data-widget_type=\"image.default\">\n\t\t\t\t<div class=\"elementor-widget-container\">\n\t\t\t<style>\/*! elementor - v3.13.1 - 09-05-2023 *\/\n.elementor-widget-image{text-align:center}.elementor-widget-image a{display:inline-block}.elementor-widget-image a img[src$=\".svg\"]{width:48px}.elementor-widget-image img{vertical-align:middle;display:inline-block}<\/style>\t\t\t\t\t\t\t\t\t\t\t\t<img loading=\"lazy\" decoding=\"async\" width=\"207\" height=\"90\" src=\"https:\/\/crwebs.biz\/plasticodosmil\/wp-content\/uploads\/2023\/02\/logo-plastico-dos-mil-2X.png\" class=\"attachment-large size-large wp-image-2393\" alt=\"\" \/>\t\t\t\t\t\t\t\t\t\t\t\t\t\t\t<\/div>\n\t\t\t\t<\/div>\n\t\t\t\t<div class=\"elementor-element elementor-element-128e8db elementor-widget elementor-widget-spacer\" data-id=\"128e8db\" data-element_type=\"widget\" data-widget_type=\"spacer.default\">\n\t\t\t\t<div class=\"elementor-widget-container\">\n\t\t\t<style>\/*! elementor - v3.13.1 - 09-05-2023 *\/\n.elementor-column .elementor-spacer-inner{height:var(--spacer-size)}.e-con{--container-widget-width:100%}.e-con-inner>.elementor-widget-spacer,.e-con>.elementor-widget-spacer{width:var(--container-widget-width,var(--spacer-size));--align-self:var(--container-widget-align-self,initial);--flex-shrink:0}.e-con-inner>.elementor-widget-spacer>.elementor-widget-container,.e-con-inner>.elementor-widget-spacer>.elementor-widget-container>.elementor-spacer,.e-con>.elementor-widget-spacer>.elementor-widget-container,.e-con>.elementor-widget-spacer>.elementor-widget-container>.elementor-spacer{height:100%}.e-con-inner>.elementor-widget-spacer>.elementor-widget-container>.elementor-spacer>.elementor-spacer-inner,.e-con>.elementor-widget-spacer>.elementor-widget-container>.elementor-spacer>.elementor-spacer-inner{height:var(--container-widget-height,var(--spacer-size))}<\/style>\t\t<div class=\"elementor-spacer\">\n\t\t\t<div class=\"elementor-spacer-inner\"><\/div>\n\t\t<\/div>\n\t\t\t\t<\/div>\n\t\t\t\t<\/div>\n\t\t\t\t<div class=\"elementor-element elementor-element-702e3b2 align-center elementor-widget elementor-widget-mae-headings\" data-id=\"702e3b2\" data-element_type=\"widget\" data-widget_type=\"mae-headings.default\">\n\t\t\t\t<div class=\"elementor-widget-container\">\n\t\t\t\t\t<div class=\"master-heading\">\n\t        \t            <div class=\"pre-heading\">Nuestra empresa se divide en dos grandes \u00e1reas, la agricultura y la l\u00ednea Industrial <\/div>\n\t        \n\t        \t        <h2 class=\"main-heading\">Somos una empresa que cuenta con m\u00e1s de 20 a\u00f1os de presencia en el mercado nacional y con m\u00e1s de 40 a\u00f1os de experiencia<\/h2>\n\t        \n\t        \n\t        \t    <\/div>\n\t    \t\t<\/div>\n\t\t\t\t<\/div>\n\t\t\t\t<div class=\"elementor-element elementor-element-7cae143 elementor-widget elementor-widget-spacer\" data-id=\"7cae143\" data-element_type=\"widget\" data-widget_type=\"spacer.default\">\n\t\t\t\t<div class=\"elementor-widget-container\">\n\t\t\t\t\t<div class=\"elementor-spacer\">\n\t\t\t<div class=\"elementor-spacer-inner\"><\/div>\n\t\t<\/div>\n\t\t\t\t<\/div>\n\t\t\t\t<\/div>\n\t\t\t\t\t<\/div>\n\t\t<\/div>\n\t\t\t\t\t\t\t<\/div>\n\t\t<\/section>\n\t\t\t\t<section class=\"elementor-section elementor-top-section elementor-element elementor-element-03a789d elementor-section-content-middle elementor-section-boxed elementor-section-height-default elementor-section-height-default\" data-id=\"03a789d\" data-element_type=\"section\">\n\t\t\t\t\t\t<div class=\"elementor-container elementor-column-gap-no\">\n\t\t\t\t\t<div class=\"elementor-column elementor-col-50 elementor-top-column elementor-element elementor-element-d10e1a8\" data-id=\"d10e1a8\" data-element_type=\"column\">\n\t\t\t<div class=\"elementor-widget-wrap elementor-element-populated\">\n\t\t\t\t\t\t\t\t<div class=\"elementor-element elementor-element-6d953a5 align-left elementor-widget elementor-widget-mae-headings\" data-id=\"6d953a5\" data-element_type=\"widget\" data-widget_type=\"mae-headings.default\">\n\t\t\t\t<div class=\"elementor-widget-container\">\n\t\t\t\t\t<div class=\"master-heading\">\n\t        \n\t        \t        <h2 class=\"main-heading\">Somos miembros de la Asociaci\u00f3n Costarricense de la Industria del Pl\u00e1stico ACIPLAST<\/h2>\n\t        \n\t        \n\t        \t            <div class=\"sub-heading\">As\u00ed como miembros de la C\u00e1mara de Industrias de Costa Rica desde nuestra creaci\u00f3n.\n\nCertificada empresa PYME ante el Ministerio de Industria, Comercio y Econom\u00eda de Costa Rica.<\/div>\n\t        \t    <\/div>\n\t    \t\t<\/div>\n\t\t\t\t<\/div>\n\t\t\t\t<div class=\"elementor-element elementor-element-185c0bc elementor-widget elementor-widget-spacer\" data-id=\"185c0bc\" data-element_type=\"widget\" data-widget_type=\"spacer.default\">\n\t\t\t\t<div class=\"elementor-widget-container\">\n\t\t\t\t\t<div class=\"elementor-spacer\">\n\t\t\t<div class=\"elementor-spacer-inner\"><\/div>\n\t\t<\/div>\n\t\t\t\t<\/div>\n\t\t\t\t<\/div>\n\t\t\t\t<div class=\"elementor-element elementor-element-a498b65 elementor-widget elementor-widget-mae-partner-carousel\" data-id=\"a498b65\" data-element_type=\"widget\" data-widget_type=\"mae-partner-carousel.default\">\n\t\t\t\t<div class=\"elementor-widget-container\">\n\t\t\t\n        <div class=\"master-carousel-box\" data-config='{\"column\":\"3\",\"gap\":\"40px\",\"arrowPosition\":null,\"arrowMiddleOffset\":null,\"arrowTopOffset\":null,\"dotOffset\":null,\"fullRight\":false,\"autoPlay\":true,\"prevNextButtons\":false,\"pageDots\":false}'>\n                            <div class=\"master-partner item-carousel\">\n                    <a href=\"\">\n                        <img decoding=\"async\" alt=\"Logo\" src=\"http:\/\/crwebs.biz\/plasticodosmil\/wp-content\/uploads\/2023\/05\/descarga.png\" \/>\n                    <\/a>\n                <\/div>\n                            <div class=\"master-partner item-carousel\">\n                    <a href=\"\">\n                        <img decoding=\"async\" alt=\"Logo\" src=\"http:\/\/crwebs.biz\/plasticodosmil\/wp-content\/uploads\/2023\/05\/Descarga-3.png\" \/>\n                    <\/a>\n                <\/div>\n                            <div class=\"master-partner item-carousel\">\n                    <a href=\"\">\n                        <img decoding=\"async\" alt=\"Logo\" src=\"http:\/\/crwebs.biz\/plasticodosmil\/wp-content\/uploads\/2023\/05\/descarga-4-1.png\" \/>\n                    <\/a>\n                <\/div>\n                    <\/div>\n\n        \t\t<\/div>\n\t\t\t\t<\/div>\n\t\t\t\t\t<\/div>\n\t\t<\/div>\n\t\t\t\t<div class=\"elementor-column elementor-col-50 elementor-top-column elementor-element elementor-element-224b43a\" data-id=\"224b43a\" data-element_type=\"column\">\n\t\t\t<div class=\"elementor-widget-wrap elementor-element-populated\">\n\t\t\t\t\t\t\t\t<div class=\"elementor-element elementor-element-a632f8d elementor-widget elementor-widget-mae-parallax-image\" data-id=\"a632f8d\" data-element_type=\"widget\" data-widget_type=\"mae-parallax-image.default\">\n\t\t\t\t<div class=\"elementor-widget-container\">\n\t\t\t\t\t<div class=\"master-parallax-box\">\n\t\t\t<div class=\"parallax-wrap\">\n\t\t\t\t\t\t\t\t\t<div class=\"master-parallax-item elementor-repeater-item-d46bc95\" style=\"\" data-parallax='{\"x\" : -50, \"y\" : 0, \"smoothness\" : 30}' data-top=\"27%\"><img decoding=\"async\" src=\"http:\/\/crwebs.biz\/plasticodosmil\/wp-content\/uploads\/2022\/06\/contenedor-plastico-inicio-1.jpg\" alt=\"\"><\/div>\t\t\t\t\t\t\t\t\t<div class=\"master-parallax-item elementor-repeater-item-ca8c4cd\" style=\"\" data-parallax='{\"x\" : 50, \"y\" : 0, \"smoothness\" : 30}' data-top=\"3px\"><img decoding=\"async\" src=\"http:\/\/crwebs.biz\/plasticodosmil\/wp-content\/uploads\/2022\/06\/contenedor-plastico-inicio-2.jpg\" alt=\"\"><\/div>\t\t\t\t\t\t\t<\/div>\n\t\t<\/div>\n\t    \t\t<\/div>\n\t\t\t\t<\/div>\n\t\t\t\t\t<\/div>\n\t\t<\/div>\n\t\t\t\t\t\t\t<\/div>\n\t\t<\/section>\n\t\t\t\t\t\t\t<\/div>\n\t\t","protected":false},"excerpt":{"rendered":"<p>Nuestra empresa se divide en dos grandes \u00e1reas, la agricultura y la l\u00ednea Industrial Somos una empresa que cuenta con m\u00e1s de 20 a\u00f1os de presencia en el mercado nacional y con m\u00e1s de 40 a\u00f1os de experiencia Somos miembros de la Asociaci\u00f3n Costarricense de la Industria<\/p>\n","protected":false},"author":1,"featured_media":0,"parent":0,"menu_order":0,"comment_status":"closed","ping_status":"closed","template":"","meta":{"_mi_skip_tracking":false,"footnotes":""},"class_list":["post-2404","page","type-page","status-publish","hentry"],"aioseo_notices":[],"_links":{"self":[{"href":"https:\/\/crwebs.biz\/plasticodosmil\/wp-json\/wp\/v2\/pages\/2404","targetHints":{"allow":["GET"]}}],"collection":[{"href":"https:\/\/crwebs.biz\/plasticodosmil\/wp-json\/wp\/v2\/pages"}],"about":[{"href":"https:\/\/crwebs.biz\/plasticodosmil\/wp-json\/wp\/v2\/types\/page"}],"author":[{"embeddable":true,"href":"https:\/\/crwebs.biz\/plasticodosmil\/wp-json\/wp\/v2\/users\/1"}],"replies":[{"embeddable":true,"href":"https:\/\/crwebs.biz\/plasticodosmil\/wp-json\/wp\/v2\/comments?post=2404"}],"version-history":[{"count":13,"href":"https:\/\/crwebs.biz\/plasticodosmil\/wp-json\/wp\/v2\/pages\/2404\/revisions"}],"predecessor-version":[{"id":2686,"href":"https:\/\/crwebs.biz\/plasticodosmil\/wp-json\/wp\/v2\/pages\/2404\/revisions\/2686"}],"wp:attachment":[{"href":"https:\/\/crwebs.biz\/plasticodosmil\/wp-json\/wp\/v2\/media?parent=2404"}],"curies":[{"name":"wp","href":"https:\/\/api.w.org\/{rel}","templated":true}]}}