{"id":2413,"date":"2023-02-22T09:26:44","date_gmt":"2023-02-22T15:26:44","guid":{"rendered":"http:\/\/crwebs.biz\/plasticodosmil\/?page_id=2413"},"modified":"2023-02-27T12:15:00","modified_gmt":"2023-02-27T18:15:00","slug":"oem","status":"publish","type":"page","link":"https:\/\/crwebs.biz\/plasticodosmil\/oem\/","title":{"rendered":"OEM"},"content":{"rendered":"\t\t<div data-elementor-type=\"wp-page\" data-elementor-id=\"2413\" class=\"elementor elementor-2413\">\n\t\t\t\t\t\t\t\t\t<section class=\"elementor-section elementor-top-section elementor-element elementor-element-77b41f4 elementor-section-content-middle elementor-section-boxed elementor-section-height-default elementor-section-height-default\" data-id=\"77b41f4\" data-element_type=\"section\">\n\t\t\t\t\t\t<div class=\"elementor-container elementor-column-gap-no\">\n\t\t\t\t\t<div class=\"elementor-column elementor-col-50 elementor-top-column elementor-element elementor-element-9bc3f56\" data-id=\"9bc3f56\" data-element_type=\"column\">\n\t\t\t<div class=\"elementor-widget-wrap elementor-element-populated\">\n\t\t\t\t\t\t\t\t<div class=\"elementor-element elementor-element-e87e7ac align-left elementor-widget elementor-widget-mae-headings\" data-id=\"e87e7ac\" data-element_type=\"widget\" data-widget_type=\"mae-headings.default\">\n\t\t\t\t<div class=\"elementor-widget-container\">\n\t\t\t\t\t<div class=\"master-heading\">\n\t        \n\t        \t        <h2 class=\"main-heading\">Fabricamos todo tipo de piezas t\u00e9cnicas<\/h2>\n\t        \n\t        \t        <div class=\"divider\"><\/div>\n\t        \n\t        \t    <\/div>\n\t    \t\t<\/div>\n\t\t\t\t<\/div>\n\t\t\t\t<div class=\"elementor-element elementor-element-69879e5 elementor-arrows-position-inside elementor-widget elementor-widget-image-carousel\" data-id=\"69879e5\" data-element_type=\"widget\" data-settings=\"{&quot;slides_to_show&quot;:&quot;1&quot;,&quot;navigation&quot;:&quot;arrows&quot;,&quot;autoplay&quot;:&quot;yes&quot;,&quot;pause_on_hover&quot;:&quot;yes&quot;,&quot;pause_on_interaction&quot;:&quot;yes&quot;,&quot;autoplay_speed&quot;:5000,&quot;infinite&quot;:&quot;yes&quot;,&quot;effect&quot;:&quot;slide&quot;,&quot;speed&quot;:500}\" data-widget_type=\"image-carousel.default\">\n\t\t\t\t<div class=\"elementor-widget-container\">\n\t\t\t<style>\/*! elementor - v3.13.1 - 09-05-2023 *\/\n.elementor-widget-image-carousel .swiper,.elementor-widget-image-carousel .swiper-container{position:static}.elementor-widget-image-carousel .swiper-container .swiper-slide figure,.elementor-widget-image-carousel .swiper .swiper-slide figure{line-height:inherit}.elementor-widget-image-carousel .swiper-slide{text-align:center}.elementor-image-carousel-wrapper:not(.swiper-container-initialized):not(.swiper-initialized) .swiper-slide{max-width:calc(100% \/ var(--e-image-carousel-slides-to-show, 3))}<\/style>\t\t<div class=\"elementor-image-carousel-wrapper swiper-container\" dir=\"ltr\">\n\t\t\t<div class=\"elementor-image-carousel swiper-wrapper\">\n\t\t\t\t\t\t\t\t<div class=\"swiper-slide\"><figure class=\"swiper-slide-inner\"><img decoding=\"async\" class=\"swiper-slide-image\" src=\"https:\/\/crwebs.biz\/plasticodosmil\/wp-content\/uploads\/2023\/02\/plastic-injection-molding-parts-manufactured-in-vietnam-factory-production-and-fabrication-iso9001-1024x584.jpg\" alt=\"plastic-injection-molding-parts-manufactured-in-vietnam-factory-production-and-fabrication-iso9001\" \/><\/figure><\/div><div class=\"swiper-slide\"><figure class=\"swiper-slide-inner\"><img decoding=\"async\" class=\"swiper-slide-image\" src=\"https:\/\/crwebs.biz\/plasticodosmil\/wp-content\/uploads\/2023\/02\/plastic-part.jpg\" alt=\"plastic-part\" \/><\/figure><\/div>\t\t\t<\/div>\n\t\t\t\t\t\t\t\t\t\t\t\t\t\t\t\t<div class=\"elementor-swiper-button elementor-swiper-button-prev\" role=\"button\" tabindex=\"0\">\n\t\t\t\t\t\t<i aria-hidden=\"true\" class=\"eicon-chevron-left\"><\/i>\t\t\t\t\t\t<span class=\"elementor-screen-only\">Previous image<\/span>\n\t\t\t\t\t<\/div>\n\t\t\t\t\t<div class=\"elementor-swiper-button elementor-swiper-button-next\" role=\"button\" tabindex=\"0\">\n\t\t\t\t\t\t<i aria-hidden=\"true\" class=\"eicon-chevron-right\"><\/i>\t\t\t\t\t\t<span class=\"elementor-screen-only\">Next image<\/span>\n\t\t\t\t\t<\/div>\n\t\t\t\t\t\t\t\t\t<\/div>\n\t\t\t\t<\/div>\n\t\t\t\t<\/div>\n\t\t\t\t\t<\/div>\n\t\t<\/div>\n\t\t\t\t<div class=\"elementor-column elementor-col-50 elementor-top-column elementor-element elementor-element-bc3b9a2\" data-id=\"bc3b9a2\" data-element_type=\"column\">\n\t\t\t<div class=\"elementor-widget-wrap elementor-element-populated\">\n\t\t\t\t\t\t\t\t<div class=\"elementor-element elementor-element-4ac3a63 elementor-widget elementor-widget-text-editor\" data-id=\"4ac3a63\" data-element_type=\"widget\" data-widget_type=\"text-editor.default\">\n\t\t\t\t<div class=\"elementor-widget-container\">\n\t\t\t<style>\/*! elementor - v3.13.1 - 09-05-2023 *\/\n.elementor-widget-text-editor.elementor-drop-cap-view-stacked .elementor-drop-cap{background-color:#69727d;color:#fff}.elementor-widget-text-editor.elementor-drop-cap-view-framed .elementor-drop-cap{color:#69727d;border:3px solid;background-color:transparent}.elementor-widget-text-editor:not(.elementor-drop-cap-view-default) .elementor-drop-cap{margin-top:8px}.elementor-widget-text-editor:not(.elementor-drop-cap-view-default) .elementor-drop-cap-letter{width:1em;height:1em}.elementor-widget-text-editor .elementor-drop-cap{float:left;text-align:center;line-height:1;font-size:50px}.elementor-widget-text-editor .elementor-drop-cap-letter{display:inline-block}<\/style>\t\t\t\t<p>Para inyecci\u00f3n y soplado de pl\u00e1stico, para empresas que desean un proveedor de sus partes y accesorios, trabajamos para Zona Franca, Exportacion y Mercado local.<\/p>\t\t\t\t\t\t<\/div>\n\t\t\t\t<\/div>\n\t\t\t\t<div class=\"elementor-element elementor-element-f45d24a elementor-widget elementor-widget-mae-list\" data-id=\"f45d24a\" data-element_type=\"widget\" data-widget_type=\"mae-list.default\">\n\t\t\t\t<div class=\"elementor-widget-container\">\n\t\t\t\n\t\t<div class=\"master-list align-left\">\n\t\t\t<div class=\"inner\">\n\t\t        <div class=\"icon-wrap\">\n\t\t\t        \t\t\t        \t<i class=\"fas fa-check-circle\"><\/i>\n\t\t\t        \t\t\t\t    \t\t        <\/div> \n\n\t\t        <div class=\"content-wrap\">\n\t\t            Realizamos desde la creaci\u00f3n y supervisi\u00f3n de la producci\u00f3n de moldes, tipos diferentes de materias primas.\t\t        <\/div>\n\t\t    <\/div>\n\t    <\/div>\n\n\t    \t\t<\/div>\n\t\t\t\t<\/div>\n\t\t\t\t<div class=\"elementor-element elementor-element-bbde440 elementor-widget elementor-widget-mae-list\" data-id=\"bbde440\" data-element_type=\"widget\" data-widget_type=\"mae-list.default\">\n\t\t\t\t<div class=\"elementor-widget-container\">\n\t\t\t\n\t\t<div class=\"master-list align-left\">\n\t\t\t<div class=\"inner\">\n\t\t        <div class=\"icon-wrap\">\n\t\t\t        \t\t\t        \t<i class=\"fas fa-check-circle\"><\/i>\n\t\t\t        \t\t\t\t    \t\t        <\/div> \n\n\t\t        <div class=\"content-wrap\">\n\t\t            Tambi\u00e9n se puede armar partes mediante ensamble en l\u00ednea.\t\t        <\/div>\n\t\t    <\/div>\n\t    <\/div>\n\n\t    \t\t<\/div>\n\t\t\t\t<\/div>\n\t\t\t\t<div class=\"elementor-element elementor-element-d4b72d3 elementor-widget elementor-widget-mae-list\" data-id=\"d4b72d3\" data-element_type=\"widget\" data-widget_type=\"mae-list.default\">\n\t\t\t\t<div class=\"elementor-widget-container\">\n\t\t\t\n\t\t<div class=\"master-list align-left\">\n\t\t\t<div class=\"inner\">\n\t\t        <div class=\"icon-wrap\">\n\t\t\t        \t\t\t        \t<i class=\"fas fa-check-circle\"><\/i>\n\t\t\t        \t\t\t\t    \t\t        <\/div> \n\n\t\t        <div class=\"content-wrap\">\n\t\t            Trabajamos con Laboratorios externos para el control y aprobaci\u00f3n de lotes de producto para su satisfacci\u00f3n.\t\t        <\/div>\n\t\t    <\/div>\n\t    <\/div>\n\n\t    \t\t<\/div>\n\t\t\t\t<\/div>\n\t\t\t\t<div class=\"elementor-element elementor-element-84f0e7d elementor-widget elementor-widget-mae-list\" data-id=\"84f0e7d\" data-element_type=\"widget\" data-widget_type=\"mae-list.default\">\n\t\t\t\t<div class=\"elementor-widget-container\">\n\t\t\t\n\t\t<div class=\"master-list align-left\">\n\t\t\t<div class=\"inner\">\n\t\t        <div class=\"icon-wrap\">\n\t\t\t        \t\t\t        \t<i class=\"fas fa-check-circle\"><\/i>\n\t\t\t        \t\t\t\t    \t\t        <\/div> \n\n\t\t        <div class=\"content-wrap\">\n\t\t            Cotice con nosotros su proyecto y requerimientos t\u00e9cnicos y con gusto le atenderemos.\t\t        <\/div>\n\t\t    <\/div>\n\t    <\/div>\n\n\t    \t\t<\/div>\n\t\t\t\t<\/div>\n\t\t\t\t<div class=\"elementor-element elementor-element-a43015e elementor-widget elementor-widget-spacer\" data-id=\"a43015e\" data-element_type=\"widget\" data-widget_type=\"spacer.default\">\n\t\t\t\t<div class=\"elementor-widget-container\">\n\t\t\t<style>\/*! elementor - v3.13.1 - 09-05-2023 *\/\n.elementor-column .elementor-spacer-inner{height:var(--spacer-size)}.e-con{--container-widget-width:100%}.e-con-inner>.elementor-widget-spacer,.e-con>.elementor-widget-spacer{width:var(--container-widget-width,var(--spacer-size));--align-self:var(--container-widget-align-self,initial);--flex-shrink:0}.e-con-inner>.elementor-widget-spacer>.elementor-widget-container,.e-con-inner>.elementor-widget-spacer>.elementor-widget-container>.elementor-spacer,.e-con>.elementor-widget-spacer>.elementor-widget-container,.e-con>.elementor-widget-spacer>.elementor-widget-container>.elementor-spacer{height:100%}.e-con-inner>.elementor-widget-spacer>.elementor-widget-container>.elementor-spacer>.elementor-spacer-inner,.e-con>.elementor-widget-spacer>.elementor-widget-container>.elementor-spacer>.elementor-spacer-inner{height:var(--container-widget-height,var(--spacer-size))}<\/style>\t\t<div class=\"elementor-spacer\">\n\t\t\t<div class=\"elementor-spacer-inner\"><\/div>\n\t\t<\/div>\n\t\t\t\t<\/div>\n\t\t\t\t<\/div>\n\t\t\t\t<div class=\"elementor-element elementor-element-a1ba330 align-left elementor-widget elementor-widget-mae-button\" data-id=\"a1ba330\" data-element_type=\"widget\" data-widget_type=\"mae-button.default\">\n\t\t\t\t<div class=\"elementor-widget-container\">\n\t\t\t\n        <a class=\"master-button btn-accent icon-right small\" href=\"mailto:ventas@plasticodosmil.com\" >\n                        <span>Enviar mensaje<\/span>\n            <span class=\"icon fa fa-arrow-right\"><\/span>        <\/a>\n\n        \t\t<\/div>\n\t\t\t\t<\/div>\n\t\t\t\t\t<\/div>\n\t\t<\/div>\n\t\t\t\t\t\t\t<\/div>\n\t\t<\/section>\n\t\t\t\t\t\t\t<\/div>\n\t\t","protected":false},"excerpt":{"rendered":"<p>Fabricamos todo tipo de piezas t\u00e9cnicas Previous Siguiente Para inyecci\u00f3n y soplado de pl\u00e1stico, para empresas que desean un proveedor de sus partes y accesorios, trabajamos para Zona Franca, Exportacion y Mercado local. Realizamos desde la creaci\u00f3n y supervisi\u00f3n de la producci\u00f3n de moldes, tipos diferentes de<\/p>\n","protected":false},"author":1,"featured_media":0,"parent":0,"menu_order":0,"comment_status":"closed","ping_status":"closed","template":"","meta":{"_mi_skip_tracking":false,"footnotes":""},"class_list":["post-2413","page","type-page","status-publish","hentry"],"aioseo_notices":[],"_links":{"self":[{"href":"https:\/\/crwebs.biz\/plasticodosmil\/wp-json\/wp\/v2\/pages\/2413","targetHints":{"allow":["GET"]}}],"collection":[{"href":"https:\/\/crwebs.biz\/plasticodosmil\/wp-json\/wp\/v2\/pages"}],"about":[{"href":"https:\/\/crwebs.biz\/plasticodosmil\/wp-json\/wp\/v2\/types\/page"}],"author":[{"embeddable":true,"href":"https:\/\/crwebs.biz\/plasticodosmil\/wp-json\/wp\/v2\/users\/1"}],"replies":[{"embeddable":true,"href":"https:\/\/crwebs.biz\/plasticodosmil\/wp-json\/wp\/v2\/comments?post=2413"}],"version-history":[{"count":7,"href":"https:\/\/crwebs.biz\/plasticodosmil\/wp-json\/wp\/v2\/pages\/2413\/revisions"}],"predecessor-version":[{"id":2491,"href":"https:\/\/crwebs.biz\/plasticodosmil\/wp-json\/wp\/v2\/pages\/2413\/revisions\/2491"}],"wp:attachment":[{"href":"https:\/\/crwebs.biz\/plasticodosmil\/wp-json\/wp\/v2\/media?parent=2413"}],"curies":[{"name":"wp","href":"https:\/\/api.w.org\/{rel}","templated":true}]}}