{"id":2414,"date":"2023-02-22T09:27:53","date_gmt":"2023-02-22T15:27:53","guid":{"rendered":"http:\/\/crwebs.biz\/plasticodosmil\/?page_id=2414"},"modified":"2023-05-01T11:58:56","modified_gmt":"2023-05-01T17:58:56","slug":"agricultura","status":"publish","type":"page","link":"https:\/\/crwebs.biz\/plasticodosmil\/agricultura\/","title":{"rendered":"Agricultura"},"content":{"rendered":"\t\t<div data-elementor-type=\"wp-page\" data-elementor-id=\"2414\" class=\"elementor elementor-2414\">\n\t\t\t\t\t\t\t\t\t<section class=\"elementor-section elementor-top-section elementor-element elementor-element-0b00387 elementor-section-stretched elementor-section-boxed elementor-section-height-default elementor-section-height-default\" data-id=\"0b00387\" data-element_type=\"section\" data-settings=\"{&quot;stretch_section&quot;:&quot;section-stretched&quot;,&quot;background_background&quot;:&quot;classic&quot;}\">\n\t\t\t\t\t\t<div class=\"elementor-container elementor-column-gap-default\">\n\t\t\t\t\t<div class=\"elementor-column elementor-col-100 elementor-top-column elementor-element elementor-element-7b5f108\" data-id=\"7b5f108\" data-element_type=\"column\">\n\t\t\t<div class=\"elementor-widget-wrap elementor-element-populated\">\n\t\t\t\t\t\t\t\t<div class=\"elementor-element elementor-element-3d46549 elementor-widget elementor-widget-spacer\" data-id=\"3d46549\" data-element_type=\"widget\" data-widget_type=\"spacer.default\">\n\t\t\t\t<div class=\"elementor-widget-container\">\n\t\t\t<style>\/*! elementor - v3.13.1 - 09-05-2023 *\/\n.elementor-column .elementor-spacer-inner{height:var(--spacer-size)}.e-con{--container-widget-width:100%}.e-con-inner>.elementor-widget-spacer,.e-con>.elementor-widget-spacer{width:var(--container-widget-width,var(--spacer-size));--align-self:var(--container-widget-align-self,initial);--flex-shrink:0}.e-con-inner>.elementor-widget-spacer>.elementor-widget-container,.e-con-inner>.elementor-widget-spacer>.elementor-widget-container>.elementor-spacer,.e-con>.elementor-widget-spacer>.elementor-widget-container,.e-con>.elementor-widget-spacer>.elementor-widget-container>.elementor-spacer{height:100%}.e-con-inner>.elementor-widget-spacer>.elementor-widget-container>.elementor-spacer>.elementor-spacer-inner,.e-con>.elementor-widget-spacer>.elementor-widget-container>.elementor-spacer>.elementor-spacer-inner{height:var(--container-widget-height,var(--spacer-size))}<\/style>\t\t<div class=\"elementor-spacer\">\n\t\t\t<div class=\"elementor-spacer-inner\"><\/div>\n\t\t<\/div>\n\t\t\t\t<\/div>\n\t\t\t\t<\/div>\n\t\t\t\t<div class=\"elementor-element elementor-element-617bb44 align-center elementor-widget elementor-widget-mae-headings\" data-id=\"617bb44\" data-element_type=\"widget\" data-widget_type=\"mae-headings.default\">\n\t\t\t\t<div class=\"elementor-widget-container\">\n\t\t\t\t\t<div class=\"master-heading\">\n\t        \t            <div class=\"pre-heading\">\u00c1REA DE AGRICULTURA<\/div>\n\t        \n\t        \t        <h2 class=\"main-heading\">Tenemos macetas para siembra para viveros y para uso dom\u00e9stico decorativo a partir de 5 cm de di\u00e1metro hasta 50 cm<\/h2>\n\t        \n\t        \n\t        \t            <div class=\"sub-heading\">As\u00ed como envases especiales para Orqu\u00eddeas y Suculentas y platos para evitar derrames por riego y tambi\u00e9n tenemos una l\u00ednea de productos para Hidropon\u00eda<\/div>\n\t        \t    <\/div>\n\t    \t\t<\/div>\n\t\t\t\t<\/div>\n\t\t\t\t<div class=\"elementor-element elementor-element-a6281af align-center elementor-widget elementor-widget-mae-button\" data-id=\"a6281af\" data-element_type=\"widget\" data-widget_type=\"mae-button.default\">\n\t\t\t\t<div class=\"elementor-widget-container\">\n\t\t\t\n        <a class=\"master-button btn-accent icon-none medium\" href=\"http:\/\/crwebs.biz\/plasticodosmil\/catalogo\/\" >\n                        <span>Cat\u00e1logo Digital<\/span>\n                    <\/a>\n\n        \t\t<\/div>\n\t\t\t\t<\/div>\n\t\t\t\t<div class=\"elementor-element elementor-element-54db031 elementor-widget elementor-widget-spacer\" data-id=\"54db031\" data-element_type=\"widget\" data-widget_type=\"spacer.default\">\n\t\t\t\t<div class=\"elementor-widget-container\">\n\t\t\t\t\t<div class=\"elementor-spacer\">\n\t\t\t<div class=\"elementor-spacer-inner\"><\/div>\n\t\t<\/div>\n\t\t\t\t<\/div>\n\t\t\t\t<\/div>\n\t\t\t\t<div class=\"elementor-element elementor-element-69fe490 elementor-widget elementor-widget-spacer\" data-id=\"69fe490\" data-element_type=\"widget\" data-widget_type=\"spacer.default\">\n\t\t\t\t<div class=\"elementor-widget-container\">\n\t\t\t\t\t<div class=\"elementor-spacer\">\n\t\t\t<div class=\"elementor-spacer-inner\"><\/div>\n\t\t<\/div>\n\t\t\t\t<\/div>\n\t\t\t\t<\/div>\n\t\t\t\t\t<\/div>\n\t\t<\/div>\n\t\t\t\t\t\t\t<\/div>\n\t\t<\/section>\n\t\t\t\t<section class=\"elementor-section elementor-top-section elementor-element elementor-element-55ddbb2 elementor-section-boxed elementor-section-height-default elementor-section-height-default\" data-id=\"55ddbb2\" data-element_type=\"section\">\n\t\t\t\t\t\t<div class=\"elementor-container elementor-column-gap-default\">\n\t\t\t\t\t<div class=\"elementor-column elementor-col-100 elementor-top-column elementor-element elementor-element-d79cfa9\" data-id=\"d79cfa9\" data-element_type=\"column\">\n\t\t\t<div class=\"elementor-widget-wrap elementor-element-populated\">\n\t\t\t\t\t\t\t\t<div class=\"elementor-element elementor-element-28bfbd5 hover-effect-style-3 elementor-widget elementor-widget-mae-team-carousel\" data-id=\"28bfbd5\" data-element_type=\"widget\" data-widget_type=\"mae-team-carousel.default\">\n\t\t\t\t<div class=\"elementor-widget-container\">\n\t\t\t\n        <div class=\"master-carousel-box mlr-315617973\" data-config='{\"column\":\"4\",\"gap\":\"30px\",\"arrowPosition\":null,\"arrowMiddleOffset\":null,\"arrowTopOffset\":null,\"dotOffset\":null,\"fullRight\":false,\"autoPlay\":true,\"prevNextButtons\":false,\"pageDots\":false}'>\n                            <div class=\"master-team  item-carousel sep-before\">\n                    <div class=\"avatar\"><a href=\"\"><img decoding=\"async\" alt=\"Avatar\" src=\"http:\/\/crwebs.biz\/plasticodosmil\/wp-content\/uploads\/2023\/03\/comtec-iny11.jpg\" \/><\/a><\/div>                    <div class=\"content-wrap\">\n                        <div class=\"team-info\">\n                                                    <\/div>\n\n                        <div class=\"sep\"><\/div>                    <\/div>\n                <\/div>\n                            <div class=\"master-team  item-carousel sep-before\">\n                    <div class=\"avatar\"><a href=\"\"><img decoding=\"async\" alt=\"Avatar\" src=\"http:\/\/crwebs.biz\/plasticodosmil\/wp-content\/uploads\/2023\/03\/comt1.jpg\" \/><\/a><\/div>                    <div class=\"content-wrap\">\n                        <div class=\"team-info\">\n                                                    <\/div>\n\n                        <div class=\"sep\"><\/div>                    <\/div>\n                <\/div>\n                            <div class=\"master-team  item-carousel sep-before\">\n                    <div class=\"avatar\"><a href=\"\"><img decoding=\"async\" alt=\"Avatar\" src=\"http:\/\/crwebs.biz\/plasticodosmil\/wp-content\/uploads\/2023\/03\/comt2.jpg\" \/><\/a><\/div>                    <div class=\"content-wrap\">\n                        <div class=\"team-info\">\n                                                    <\/div>\n\n                        <div class=\"sep\"><\/div>                    <\/div>\n                <\/div>\n                            <div class=\"master-team  item-carousel sep-before\">\n                    <div class=\"avatar\"><a href=\"\"><img decoding=\"async\" alt=\"Avatar\" src=\"http:\/\/crwebs.biz\/plasticodosmil\/wp-content\/uploads\/2023\/03\/colgante-nacional-25-lavanda2.jpg\" \/><\/a><\/div>                    <div class=\"content-wrap\">\n                        <div class=\"team-info\">\n                                                    <\/div>\n\n                        <div class=\"sep\"><\/div>                    <\/div>\n                <\/div>\n                            <div class=\"master-team  item-carousel sep-before\">\n                    <div class=\"avatar\"><a href=\"\"><img decoding=\"async\" alt=\"Avatar\" src=\"http:\/\/crwebs.biz\/plasticodosmil\/wp-content\/uploads\/2023\/03\/orquid4.jpg\" \/><\/a><\/div>                    <div class=\"content-wrap\">\n                        <div class=\"team-info\">\n                                                    <\/div>\n\n                        <div class=\"sep\"><\/div>                    <\/div>\n                <\/div>\n                            <div class=\"master-team  item-carousel sep-before\">\n                    <div class=\"avatar\"><a href=\"\"><img decoding=\"async\" alt=\"Avatar\" src=\"http:\/\/crwebs.biz\/plasticodosmil\/wp-content\/uploads\/2023\/03\/011-1.jpg\" \/><\/a><\/div>                    <div class=\"content-wrap\">\n                        <div class=\"team-info\">\n                                                    <\/div>\n\n                        <div class=\"sep\"><\/div>                    <\/div>\n                <\/div>\n                            <div class=\"master-team  item-carousel sep-before\">\n                    <div class=\"avatar\"><a href=\"\"><img decoding=\"async\" alt=\"Avatar\" src=\"http:\/\/crwebs.biz\/plasticodosmil\/wp-content\/uploads\/2023\/03\/0222.jpg\" \/><\/a><\/div>                    <div class=\"content-wrap\">\n                        <div class=\"team-info\">\n                                                    <\/div>\n\n                        <div class=\"sep\"><\/div>                    <\/div>\n                <\/div>\n                            <div class=\"master-team  item-carousel sep-before\">\n                    <div class=\"avatar\"><a href=\"\"><img decoding=\"async\" alt=\"Avatar\" src=\"http:\/\/crwebs.biz\/plasticodosmil\/wp-content\/uploads\/2023\/03\/macetero50iny-1-1.jpg\" \/><\/a><\/div>                    <div class=\"content-wrap\">\n                        <div class=\"team-info\">\n                                                    <\/div>\n\n                        <div class=\"sep\"><\/div>                    <\/div>\n                <\/div>\n                    <\/div>\n\n        \t\t<\/div>\n\t\t\t\t<\/div>\n\t\t\t\t<div class=\"elementor-element elementor-element-aa61cea elementor-widget elementor-widget-spacer\" data-id=\"aa61cea\" data-element_type=\"widget\" data-widget_type=\"spacer.default\">\n\t\t\t\t<div class=\"elementor-widget-container\">\n\t\t\t\t\t<div class=\"elementor-spacer\">\n\t\t\t<div class=\"elementor-spacer-inner\"><\/div>\n\t\t<\/div>\n\t\t\t\t<\/div>\n\t\t\t\t<\/div>\n\t\t\t\t\t<\/div>\n\t\t<\/div>\n\t\t\t\t\t\t\t<\/div>\n\t\t<\/section>\n\t\t\t\t\t\t\t<\/div>\n\t\t","protected":false},"excerpt":{"rendered":"<p>\u00c1REA DE AGRICULTURA Tenemos macetas para siembra para viveros y para uso dom\u00e9stico decorativo a partir de 5 cm de di\u00e1metro hasta 50 cm As\u00ed como envases especiales para Orqu\u00eddeas y Suculentas y platos para evitar derrames por riego y tambi\u00e9n tenemos una l\u00ednea de productos para<\/p>\n","protected":false},"author":1,"featured_media":0,"parent":0,"menu_order":0,"comment_status":"closed","ping_status":"closed","template":"","meta":{"_mi_skip_tracking":false,"footnotes":""},"class_list":["post-2414","page","type-page","status-publish","hentry"],"aioseo_notices":[],"_links":{"self":[{"href":"https:\/\/crwebs.biz\/plasticodosmil\/wp-json\/wp\/v2\/pages\/2414","targetHints":{"allow":["GET"]}}],"collection":[{"href":"https:\/\/crwebs.biz\/plasticodosmil\/wp-json\/wp\/v2\/pages"}],"about":[{"href":"https:\/\/crwebs.biz\/plasticodosmil\/wp-json\/wp\/v2\/types\/page"}],"author":[{"embeddable":true,"href":"https:\/\/crwebs.biz\/plasticodosmil\/wp-json\/wp\/v2\/users\/1"}],"replies":[{"embeddable":true,"href":"https:\/\/crwebs.biz\/plasticodosmil\/wp-json\/wp\/v2\/comments?post=2414"}],"version-history":[{"count":25,"href":"https:\/\/crwebs.biz\/plasticodosmil\/wp-json\/wp\/v2\/pages\/2414\/revisions"}],"predecessor-version":[{"id":2649,"href":"https:\/\/crwebs.biz\/plasticodosmil\/wp-json\/wp\/v2\/pages\/2414\/revisions\/2649"}],"wp:attachment":[{"href":"https:\/\/crwebs.biz\/plasticodosmil\/wp-json\/wp\/v2\/media?parent=2414"}],"curies":[{"name":"wp","href":"https:\/\/api.w.org\/{rel}","templated":true}]}}